{"id":1089,"date":"2015-10-19T16:20:13","date_gmt":"2015-10-19T16:20:13","guid":{"rendered":"\/\/research.unir.net\/telefonicachair\/?page_id=1089"},"modified":"2015-10-19T16:20:48","modified_gmt":"2015-10-19T16:20:48","slug":"etica-y-moral-en-la-robotica-actual-educacion-y-tecnologia-al-servicio-de-la-sociedad","status":"publish","type":"page","link":"http:\/\/research.unir.net\/telefonicachair\/eventos\/etica-y-moral-en-la-robotica-actual-educacion-y-tecnologia-al-servicio-de-la-sociedad\/","title":{"rendered":"\u00c9tica y Moral en la Rob\u00f3tica actual. Educaci\u00f3n y Tecnolog\u00eda al Servicio de la Sociedad"},"content":{"rendered":"<p>Hace ya unos cuantos a\u00f1os, cuando era un ni\u00f1o, miraba con expectaci\u00f3n la pantalla de un cine como un \u201cbicho\u201d denominado Terminator, ven\u00eda a exterminar al ser humano y reconozco que me impact\u00f3; a\u00f1o 1984.<\/p>\n<p>Teminator I suena ya un poco lejano, probablemente los j\u00f3venes de hoy piensen m\u00e1s en Ultr\u00f3n y en como los Vengadores les salvar\u00e1n ante tal amenaza, pero desde aquel entonces me he planteado muchas veces si alguna vez llegar\u00eda a ser una realidad y siempre he resuelto esa duda con un s\u00ed. \u00bfCre\u00e9is que me he dado un golpe en la cabeza? \u00bfconsider\u00e1is que se trata de un imposible y yo un so\u00f1ador o amante de la ciencia ficci\u00f3n? Creo que no.<\/p>\n<p><strong>Regreso al futuro&#8230; \u00bfo al presente? \u00a0<\/strong><\/p>\n<p>En aquella \u00e9poca, muchos de los avances que han acontecido durante estos a\u00f1os eran impensables. Tenemos coches no tripulados que son capaces de llevarnos de un lado a otro mientras dormimos o trabajamos, mucho m\u00e1s seguros que nosotros mismos; podemos enviar o recibir un paquete, contenga un regalo o un explosivo, a trav\u00e9s de un dron; <strong>podemos disfrutar de Marte a trav\u00e9s de Curiosity y podemos ver como un pseudo perro puede hacer de animal de compa\u00f1\u00eda o de intr\u00e9pido atacante<\/strong>. Mientras que esto son realidades, Arnold Schwarzenegger, envejece inevitablemente, Terminator ya no es el que era y Steven Spielberg, al igual que hizo Aldous Huxley, sigue ideando nuevos futuros por descubrir a trav\u00e9s de la ciencia ficci\u00f3n.<\/p>\n<p>Todo estos avances muy comerciales, muchos de ellos, van de la mano de otros no tan comerciales, como la visi\u00f3n artificial inversiva, los implantes robotizados en humanos o los sistemas de soporte a la toma de decisiones. La tecnolog\u00eda est\u00e1 al servicio del ser humano para hacer que su vida sea m\u00e1s sencilla y para eso hay que dominar dicha tecnolog\u00eda. Ya en los primeros a\u00f1os de educaci\u00f3n de un ni\u00f1o, se imparte y ense\u00f1a rob\u00f3tica y programaci\u00f3n; los ni\u00f1os son nativos digitales. Entonces, <strong>si nosotros que hemos sido inmigrantes hemos conseguido tantas cosas, \u00bfqu\u00e9 podr\u00e1n hacer las nuevas generaciones?<\/strong> Infinitas cosas, porque nuestra capacidad es infinita.<\/p>\n<p><strong>\u00c9tica, moral y deontolog\u00eda<\/strong><\/p>\n<p>Todo esto junto, me lleva a afirmar que antes o despu\u00e9s un Terminator, con sus matices, podr\u00eda existir. Boston Dynamics en un ejemplo real de lo que actualmente se puede conseguir. Por ello es necesario tener claro que no todo vale y que<strong> la \u00e9tica, la moral y deontolog\u00eda, son necesarias para garantizar la inteligencia artificial, la rob\u00f3tica y la computaci\u00f3n tiene unos l\u00edmites.<\/strong><\/p>\n<p>Las universidades y las escuelas tecnol\u00f3gicas tendr\u00e1n un papel claro en este sentido. Formar y educar en tecnolog\u00eda ser\u00e1 b\u00e1sico; formar y educar en \u00e9tica y moral, ser\u00e1 cr\u00edtico.<\/p>\n<p>Entonces, \u00bfqu\u00e9 pasar\u00eda si Terminator llegase a ser una realidad?, que como pasa en las pel\u00edculas, la supervivencia de la especie prevalecer\u00e1 y que los malos tendr\u00e1n que pensar en algo mejor para destronar al ingenio del ser humano.<\/p>\n<p>Que nunca se d\u00e9 el homo hominis lupus.<\/p>\n<p>&nbsp;<\/p>\n<p><strong>Dr. Rub\u00e9n Gonz\u00e1lez Crespo<\/strong><\/p>\n<p>Director Escuela de Ingenier\u00eda y Tecnolog\u00eda<\/p>\n<p>Director C\u00e1tedra AENOR<\/p>\n<p>&nbsp;<\/p>\n","protected":false},"excerpt":{"rendered":"<p>on<\/p>\n","protected":false},"author":6,"featured_media":1092,"parent":74,"menu_order":4,"comment_status":"open","ping_status":"open","template":"page-templates\/grupos_eventos.php","meta":[],"_links":{"self":[{"href":"http:\/\/research.unir.net\/telefonicachair\/wp-json\/wp\/v2\/pages\/1089"}],"collection":[{"href":"http:\/\/research.unir.net\/telefonicachair\/wp-json\/wp\/v2\/pages"}],"about":[{"href":"http:\/\/research.unir.net\/telefonicachair\/wp-json\/wp\/v2\/types\/page"}],"author":[{"embeddable":true,"href":"http:\/\/research.unir.net\/telefonicachair\/wp-json\/wp\/v2\/users\/6"}],"replies":[{"embeddable":true,"href":"http:\/\/research.unir.net\/telefonicachair\/wp-json\/wp\/v2\/comments?post=1089"}],"version-history":[{"count":1,"href":"http:\/\/research.unir.net\/telefonicachair\/wp-json\/wp\/v2\/pages\/1089\/revisions"}],"predecessor-version":[{"id":1093,"href":"http:\/\/research.unir.net\/telefonicachair\/wp-json\/wp\/v2\/pages\/1089\/revisions\/1093"}],"up":[{"embeddable":true,"href":"http:\/\/research.unir.net\/telefonicachair\/wp-json\/wp\/v2\/pages\/74"}],"wp:featuredmedia":[{"embeddable":true,"href":"http:\/\/research.unir.net\/telefonicachair\/wp-json\/wp\/v2\/media\/1092"}],"wp:attachment":[{"href":"http:\/\/research.unir.net\/telefonicachair\/wp-json\/wp\/v2\/media?parent=1089"}],"curies":[{"name":"wp","href":"https:\/\/api.w.org\/{rel}","templated":true}]}}